{"id":6,"date":"2025-09-11T19:50:06","date_gmt":"2025-09-11T19:50:06","guid":{"rendered":"https:\/\/costurinhasbaby.com.br\/?page_id=6"},"modified":"2025-09-15T12:34:19","modified_gmt":"2025-09-15T12:34:19","slug":"home","status":"publish","type":"page","link":"https:\/\/costurinhasbaby.com.br\/","title":{"rendered":"Home"},"content":{"rendered":"\t\t<div data-elementor-type=\"wp-page\" data-elementor-id=\"6\" class=\"elementor elementor-6\">\n\t\t\t\t<div class=\"elementor-element elementor-element-1915866 e-flex e-con-boxed wpr-particle-no wpr-jarallax-no wpr-parallax-no wpr-sticky-section-no e-con e-parent\" data-id=\"1915866\" data-element_type=\"container\" data-settings=\"{&quot;background_background&quot;:&quot;slideshow&quot;,&quot;background_slideshow_gallery&quot;:[{&quot;id&quot;:122,&quot;url&quot;:&quot;https:\\\/\\\/costurinhasbaby.com.br\\\/wp-content\\\/uploads\\\/2025\\\/09\\\/1.png&quot;},{&quot;id&quot;:152,&quot;url&quot;:&quot;https:\\\/\\\/costurinhasbaby.com.br\\\/wp-content\\\/uploads\\\/2025\\\/09\\\/1-1.png&quot;},{&quot;id&quot;:126,&quot;url&quot;:&quot;https:\\\/\\\/costurinhasbaby.com.br\\\/wp-content\\\/uploads\\\/2025\\\/09\\\/5.png&quot;},{&quot;id&quot;:155,&quot;url&quot;:&quot;https:\\\/\\\/costurinhasbaby.com.br\\\/wp-content\\\/uploads\\\/2025\\\/09\\\/4-1.png&quot;},{&quot;id&quot;:124,&quot;url&quot;:&quot;https:\\\/\\\/costurinhasbaby.com.br\\\/wp-content\\\/uploads\\\/2025\\\/09\\\/4.png&quot;},{&quot;id&quot;:150,&quot;url&quot;:&quot;https:\\\/\\\/costurinhasbaby.com.br\\\/wp-content\\\/uploads\\\/2025\\\/09\\\/fralda-deboca2.png&quot;},{&quot;id&quot;:123,&quot;url&quot;:&quot;https:\\\/\\\/costurinhasbaby.com.br\\\/wp-content\\\/uploads\\\/2025\\\/09\\\/3.png&quot;},{&quot;id&quot;:156,&quot;url&quot;:&quot;https:\\\/\\\/costurinhasbaby.com.br\\\/wp-content\\\/uploads\\\/2025\\\/09\\\/5-1.png&quot;},{&quot;id&quot;:154,&quot;url&quot;:&quot;https:\\\/\\\/costurinhasbaby.com.br\\\/wp-content\\\/uploads\\\/2025\\\/09\\\/3-1.png&quot;}],&quot;background_slideshow_slide_duration&quot;:1000,&quot;background_slideshow_transition_duration&quot;:1000,&quot;background_slideshow_loop&quot;:&quot;yes&quot;,&quot;background_slideshow_slide_transition&quot;:&quot;fade&quot;}\">\n\t\t\t\t\t<div class=\"e-con-inner\">\n\t\t\t\t<div class=\"elementor-element elementor-element-1bf4bcf elementor-widget elementor-widget-heading\" data-id=\"1bf4bcf\" data-element_type=\"widget\" data-widget_type=\"heading.default\">\n\t\t\t\t\t<h2 class=\"elementor-heading-title elementor-size-default\">\"Costurando sonhos, bordando mem\u00f3rias.\"\n<\/h2>\t\t\t\t<\/div>\n\t\t\t\t<div class=\"elementor-element elementor-element-c4991f3 elementor-widget elementor-widget-heading\" data-id=\"c4991f3\" data-element_type=\"widget\" data-widget_type=\"heading.default\">\n\t\t\t\t\t<h2 class=\"elementor-heading-title elementor-size-default\">Carinho em cada ponto, amor em cada detalhe.<\/h2>\t\t\t\t<\/div>\n\t\t\t\t<div class=\"elementor-element elementor-element-ecc7a74 elementor-widget elementor-widget-heading\" data-id=\"ecc7a74\" data-element_type=\"widget\" data-widget_type=\"heading.default\">\n\t\t\t\t\t<h5 class=\"elementor-heading-title elementor-size-default\">Porque cada detalhe do seu beb\u00ea merece exclusividade.<\/h5>\t\t\t\t<\/div>\n\t\t\t\t\t<\/div>\n\t\t\t\t<\/div>\n\t\t<div class=\"elementor-element elementor-element-024d649 e-flex e-con-boxed wpr-particle-no wpr-jarallax-no wpr-parallax-no wpr-sticky-section-no e-con e-parent\" data-id=\"024d649\" data-element_type=\"container\">\n\t\t\t\t\t<div class=\"e-con-inner\">\n\t\t\t\t<div class=\"elementor-element elementor-element-ae92c6b elementor-widget elementor-widget-heading\" data-id=\"ae92c6b\" data-element_type=\"widget\" data-widget_type=\"heading.default\">\n\t\t\t\t\t<h2 class=\"elementor-heading-title elementor-size-default\">Conhe\u00e7a nossos Produtos <\/h2>\t\t\t\t<\/div>\n\t\t<div class=\"elementor-element elementor-element-9f17d0e e-grid e-con-full wpr-particle-no wpr-jarallax-no wpr-parallax-no wpr-sticky-section-no e-con e-child\" data-id=\"9f17d0e\" data-element_type=\"container\">\n\t\t\t\t<div class=\"elementor-element elementor-element-5ebeeea elementor-position-top elementor-widget elementor-widget-image-box\" data-id=\"5ebeeea\" data-element_type=\"widget\" data-widget_type=\"image-box.default\">\n\t\t\t\t\t<div class=\"elementor-image-box-wrapper\"><figure class=\"elementor-image-box-img\"><img fetchpriority=\"high\" decoding=\"async\" width=\"1080\" height=\"1438\" src=\"https:\/\/costurinhasbaby.com.br\/wp-content\/uploads\/2025\/09\/IMG_20250529_135457.jpg\" class=\"attachment-full size-full wp-image-168\" alt=\"\" srcset=\"https:\/\/costurinhasbaby.com.br\/wp-content\/uploads\/2025\/09\/IMG_20250529_135457.jpg 1080w, https:\/\/costurinhasbaby.com.br\/wp-content\/uploads\/2025\/09\/IMG_20250529_135457-225x300.jpg 225w, https:\/\/costurinhasbaby.com.br\/wp-content\/uploads\/2025\/09\/IMG_20250529_135457-769x1024.jpg 769w, https:\/\/costurinhasbaby.com.br\/wp-content\/uploads\/2025\/09\/IMG_20250529_135457-768x1023.jpg 768w\" sizes=\"(max-width: 1080px) 100vw, 1080px\" \/><\/figure><div class=\"elementor-image-box-content\"><h3 class=\"elementor-image-box-title\">Kit Fralda Luxo <\/h3><\/div><\/div>\t\t\t\t<\/div>\n\t\t\t\t<div class=\"elementor-element elementor-element-242c145 elementor-position-top elementor-widget elementor-widget-image-box\" data-id=\"242c145\" data-element_type=\"widget\" data-widget_type=\"image-box.default\">\n\t\t\t\t\t<div class=\"elementor-image-box-wrapper\"><figure class=\"elementor-image-box-img\"><img decoding=\"async\" width=\"1080\" height=\"1634\" src=\"https:\/\/costurinhasbaby.com.br\/wp-content\/uploads\/2025\/09\/IMG_20250609_152635.jpg\" class=\"attachment-full size-full wp-image-169\" alt=\"\" srcset=\"https:\/\/costurinhasbaby.com.br\/wp-content\/uploads\/2025\/09\/IMG_20250609_152635.jpg 1080w, https:\/\/costurinhasbaby.com.br\/wp-content\/uploads\/2025\/09\/IMG_20250609_152635-198x300.jpg 198w, https:\/\/costurinhasbaby.com.br\/wp-content\/uploads\/2025\/09\/IMG_20250609_152635-677x1024.jpg 677w, https:\/\/costurinhasbaby.com.br\/wp-content\/uploads\/2025\/09\/IMG_20250609_152635-768x1162.jpg 768w, https:\/\/costurinhasbaby.com.br\/wp-content\/uploads\/2025\/09\/IMG_20250609_152635-1015x1536.jpg 1015w\" sizes=\"(max-width: 1080px) 100vw, 1080px\" \/><\/figure><div class=\"elementor-image-box-content\"><h3 class=\"elementor-image-box-title\">Kit Maternidade <\/h3><\/div><\/div>\t\t\t\t<\/div>\n\t\t\t\t<div class=\"elementor-element elementor-element-6916e0e elementor-position-top elementor-widget elementor-widget-image-box\" data-id=\"6916e0e\" data-element_type=\"widget\" data-widget_type=\"image-box.default\">\n\t\t\t\t\t<div class=\"elementor-image-box-wrapper\"><figure class=\"elementor-image-box-img\"><img decoding=\"async\" width=\"1080\" height=\"1515\" src=\"https:\/\/costurinhasbaby.com.br\/wp-content\/uploads\/2025\/09\/WhatsApp-Image-2025-09-14-at-21.47.21-1.jpeg\" class=\"attachment-full size-full wp-image-170\" alt=\"\" srcset=\"https:\/\/costurinhasbaby.com.br\/wp-content\/uploads\/2025\/09\/WhatsApp-Image-2025-09-14-at-21.47.21-1.jpeg 1080w, https:\/\/costurinhasbaby.com.br\/wp-content\/uploads\/2025\/09\/WhatsApp-Image-2025-09-14-at-21.47.21-1-214x300.jpeg 214w, https:\/\/costurinhasbaby.com.br\/wp-content\/uploads\/2025\/09\/WhatsApp-Image-2025-09-14-at-21.47.21-1-730x1024.jpeg 730w, https:\/\/costurinhasbaby.com.br\/wp-content\/uploads\/2025\/09\/WhatsApp-Image-2025-09-14-at-21.47.21-1-768x1077.jpeg 768w\" sizes=\"(max-width: 1080px) 100vw, 1080px\" \/><\/figure><div class=\"elementor-image-box-content\"><h3 class=\"elementor-image-box-title\">Toalha Fralda<\/h3><\/div><\/div>\t\t\t\t<\/div>\n\t\t\t\t<div class=\"elementor-element elementor-element-c30edb9 elementor-position-top elementor-widget elementor-widget-image-box\" data-id=\"c30edb9\" data-element_type=\"widget\" data-widget_type=\"image-box.default\">\n\t\t\t\t\t<div class=\"elementor-image-box-wrapper\"><figure class=\"elementor-image-box-img\"><img loading=\"lazy\" decoding=\"async\" width=\"1080\" height=\"1480\" src=\"https:\/\/costurinhasbaby.com.br\/wp-content\/uploads\/2025\/09\/WhatsApp-Image-2025-09-14-at-21.47.29-3.jpeg\" class=\"attachment-full size-full wp-image-171\" alt=\"\" srcset=\"https:\/\/costurinhasbaby.com.br\/wp-content\/uploads\/2025\/09\/WhatsApp-Image-2025-09-14-at-21.47.29-3.jpeg 1080w, https:\/\/costurinhasbaby.com.br\/wp-content\/uploads\/2025\/09\/WhatsApp-Image-2025-09-14-at-21.47.29-3-219x300.jpeg 219w, https:\/\/costurinhasbaby.com.br\/wp-content\/uploads\/2025\/09\/WhatsApp-Image-2025-09-14-at-21.47.29-3-747x1024.jpeg 747w, https:\/\/costurinhasbaby.com.br\/wp-content\/uploads\/2025\/09\/WhatsApp-Image-2025-09-14-at-21.47.29-3-768x1052.jpeg 768w\" sizes=\"(max-width: 1080px) 100vw, 1080px\" \/><\/figure><div class=\"elementor-image-box-content\"><h3 class=\"elementor-image-box-title\">Carteira de Vacina\u00e7\u00e3o<\/h3><\/div><\/div>\t\t\t\t<\/div>\n\t\t\t\t<div class=\"elementor-element elementor-element-148d456 elementor-position-top elementor-widget elementor-widget-image-box\" data-id=\"148d456\" data-element_type=\"widget\" data-widget_type=\"image-box.default\">\n\t\t\t\t\t<div class=\"elementor-image-box-wrapper\"><figure class=\"elementor-image-box-img\"><img loading=\"lazy\" decoding=\"async\" width=\"1200\" height=\"1599\" src=\"https:\/\/costurinhasbaby.com.br\/wp-content\/uploads\/2025\/09\/WhatsApp-Image-2025-09-14-at-21.47.30-3.jpeg\" class=\"attachment-full size-full wp-image-172\" alt=\"\" srcset=\"https:\/\/costurinhasbaby.com.br\/wp-content\/uploads\/2025\/09\/WhatsApp-Image-2025-09-14-at-21.47.30-3.jpeg 1200w, https:\/\/costurinhasbaby.com.br\/wp-content\/uploads\/2025\/09\/WhatsApp-Image-2025-09-14-at-21.47.30-3-225x300.jpeg 225w, https:\/\/costurinhasbaby.com.br\/wp-content\/uploads\/2025\/09\/WhatsApp-Image-2025-09-14-at-21.47.30-3-768x1023.jpeg 768w, https:\/\/costurinhasbaby.com.br\/wp-content\/uploads\/2025\/09\/WhatsApp-Image-2025-09-14-at-21.47.30-3-1153x1536.jpeg 1153w\" sizes=\"(max-width: 1200px) 100vw, 1200px\" \/><\/figure><div class=\"elementor-image-box-content\"><h3 class=\"elementor-image-box-title\">Fraldinhas de Boca<\/h3><\/div><\/div>\t\t\t\t<\/div>\n\t\t\t\t<div class=\"elementor-element elementor-element-b1ca6e9 elementor-position-top elementor-widget elementor-widget-image-box\" data-id=\"b1ca6e9\" data-element_type=\"widget\" data-widget_type=\"image-box.default\">\n\t\t\t\t\t<div class=\"elementor-image-box-wrapper\"><figure class=\"elementor-image-box-img\"><img loading=\"lazy\" decoding=\"async\" width=\"1080\" height=\"1350\" src=\"https:\/\/costurinhasbaby.com.br\/wp-content\/uploads\/2025\/09\/WhatsApp-Image-2025-09-14-at-21.04.37-1.jpeg\" class=\"attachment-full size-full wp-image-173\" alt=\"\" srcset=\"https:\/\/costurinhasbaby.com.br\/wp-content\/uploads\/2025\/09\/WhatsApp-Image-2025-09-14-at-21.04.37-1.jpeg 1080w, https:\/\/costurinhasbaby.com.br\/wp-content\/uploads\/2025\/09\/WhatsApp-Image-2025-09-14-at-21.04.37-1-240x300.jpeg 240w, https:\/\/costurinhasbaby.com.br\/wp-content\/uploads\/2025\/09\/WhatsApp-Image-2025-09-14-at-21.04.37-1-819x1024.jpeg 819w, https:\/\/costurinhasbaby.com.br\/wp-content\/uploads\/2025\/09\/WhatsApp-Image-2025-09-14-at-21.04.37-1-768x960.jpeg 768w\" sizes=\"(max-width: 1080px) 100vw, 1080px\" \/><\/figure><div class=\"elementor-image-box-content\"><h3 class=\"elementor-image-box-title\">Naninhas <\/h3><\/div><\/div>\t\t\t\t<\/div>\n\t\t\t\t<\/div>\n\t\t\t\t\t<\/div>\n\t\t\t\t<\/div>\n\t\t\t\t<\/div>\n\t\t","protected":false},"excerpt":{"rendered":"<p>&#8220;Costurando sonhos, bordando mem\u00f3rias.&#8221; Carinho em cada ponto, amor em cada detalhe. Porque cada detalhe do seu beb\u00ea merece exclusividade. Conhe\u00e7a nossos Produtos Kit Fralda Luxo Kit Maternidade Toalha Fralda Carteira de Vacina\u00e7\u00e3o Fraldinhas de Boca Naninhas<\/p>\n","protected":false},"author":1,"featured_media":0,"parent":0,"menu_order":0,"comment_status":"closed","ping_status":"closed","template":"elementor_header_footer","meta":{"footnotes":""},"class_list":["post-6","page","type-page","status-publish","hentry"],"_links":{"self":[{"href":"https:\/\/costurinhasbaby.com.br\/index.php?rest_route=\/wp\/v2\/pages\/6","targetHints":{"allow":["GET"]}}],"collection":[{"href":"https:\/\/costurinhasbaby.com.br\/index.php?rest_route=\/wp\/v2\/pages"}],"about":[{"href":"https:\/\/costurinhasbaby.com.br\/index.php?rest_route=\/wp\/v2\/types\/page"}],"author":[{"embeddable":true,"href":"https:\/\/costurinhasbaby.com.br\/index.php?rest_route=\/wp\/v2\/users\/1"}],"replies":[{"embeddable":true,"href":"https:\/\/costurinhasbaby.com.br\/index.php?rest_route=%2Fwp%2Fv2%2Fcomments&post=6"}],"version-history":[{"count":85,"href":"https:\/\/costurinhasbaby.com.br\/index.php?rest_route=\/wp\/v2\/pages\/6\/revisions"}],"predecessor-version":[{"id":196,"href":"https:\/\/costurinhasbaby.com.br\/index.php?rest_route=\/wp\/v2\/pages\/6\/revisions\/196"}],"wp:attachment":[{"href":"https:\/\/costurinhasbaby.com.br\/index.php?rest_route=%2Fwp%2Fv2%2Fmedia&parent=6"}],"curies":[{"name":"wp","href":"https:\/\/api.w.org\/{rel}","templated":true}]}}